{"id":318,"date":"2016-10-31T14:20:44","date_gmt":"2016-10-31T17:20:44","guid":{"rendered":"https:\/\/isfdyt126-bue.infd.edu.ar\/sitio\/?page_id=318"},"modified":"2025-11-04T21:03:28","modified_gmt":"2025-11-05T00:03:28","slug":"contacto","status":"publish","type":"page","link":"https:\/\/isfdyt126-bue.infd.edu.ar\/sitio\/contacto\/","title":{"rendered":"CONTACTO"},"content":{"rendered":"\n<p>Instituto de Formaci\u00f3n Docente y T\u00e9cnica N.\u00ba 126<br>&#x1f4cd; Direcci\u00f3n: Bernardino Esperanza 413 \u2014 Localidad: Salto, Provincia de Buenos Aires, Argentina<br>&#x1f4ec; C\u00f3digo Postal: 2741<br>&#x260e;&#xfe0f; Tel\u00e9fono: <br>&#x1f4e7; Correo electr\u00f3nico institucional: <br>&#x1f310; Sitio web \/ redes sociales: https:\/\/web.facebook.com\/profile.php?id=61580041904892<\/p>\n\n\n\n<p>&#x1f552; Horarios de atenci\u00f3n:<br>Lunes a Viernes: 18:15 a 22:00<\/p>\n","protected":false},"excerpt":{"rendered":"<p>Instituto de Formaci\u00f3n Docente y T\u00e9cnica N.\u00ba 126&#x1f4cd; Direcci\u00f3n: Bernardino Esperanza 413 \u2014 Localidad: Salto, Provincia de Buenos Aires, Argentina&#x1f4ec; C\u00f3digo Postal: 2741&#x260e;&#xfe0f; Tel\u00e9fono: &#x1f4e7; Correo electr\u00f3nico institucional: &#x1f310; Sitio web \/ redes sociales: https:\/\/web.facebook.com\/profile.php?id=61580041904892 &#x1f552; Horarios de atenci\u00f3n:Lunes a Viernes: 18:15 a 22:00<\/p>\n","protected":false},"author":1,"featured_media":0,"parent":0,"menu_order":0,"comment_status":"closed","ping_status":"closed","template":"","meta":[],"acf":[],"_links":{"self":[{"href":"https:\/\/isfdyt126-bue.infd.edu.ar\/sitio\/wp-json\/wp\/v2\/pages\/318"}],"collection":[{"href":"https:\/\/isfdyt126-bue.infd.edu.ar\/sitio\/wp-json\/wp\/v2\/pages"}],"about":[{"href":"https:\/\/isfdyt126-bue.infd.edu.ar\/sitio\/wp-json\/wp\/v2\/types\/page"}],"author":[{"embeddable":true,"href":"https:\/\/isfdyt126-bue.infd.edu.ar\/sitio\/wp-json\/wp\/v2\/users\/1"}],"replies":[{"embeddable":true,"href":"https:\/\/isfdyt126-bue.infd.edu.ar\/sitio\/wp-json\/wp\/v2\/comments?post=318"}],"version-history":[{"count":7,"href":"https:\/\/isfdyt126-bue.infd.edu.ar\/sitio\/wp-json\/wp\/v2\/pages\/318\/revisions"}],"predecessor-version":[{"id":1273,"href":"https:\/\/isfdyt126-bue.infd.edu.ar\/sitio\/wp-json\/wp\/v2\/pages\/318\/revisions\/1273"}],"wp:attachment":[{"href":"https:\/\/isfdyt126-bue.infd.edu.ar\/sitio\/wp-json\/wp\/v2\/media?parent=318"}],"curies":[{"name":"wp","href":"https:\/\/api.w.org\/{rel}","templated":true}]}}