{"id":286,"date":"2016-10-31T13:17:59","date_gmt":"2016-10-31T16:17:59","guid":{"rendered":"https:\/\/isfdyt126-bue.infd.edu.ar\/sitio\/?page_id=286"},"modified":"2025-11-11T20:31:39","modified_gmt":"2025-11-11T23:31:39","slug":"inicio","status":"publish","type":"page","link":"https:\/\/isfdyt126-bue.infd.edu.ar\/sitio\/","title":{"rendered":"Inicio"},"content":{"rendered":"<div id=\"page\" class=\"site grid-container container hfeed grid-parent\" style=\"background-color: #ffffff; margin: 0; padding: 0;\">\n<div id=\"content\" class=\"site-content\">\n<div id=\"primary\" class=\"content-area grid-parent grid-100\"><main id=\"main\" class=\"site-main\"><\/p>\n<div class=\"generate-sections-container\" style=\"background-color: #ffffff;\">\n<div class=\"grid-container grid-parent generate-sections-inside-container\">\n<p style=\"text-align: center;\"><span style=\"color: #800080;\"><strong><span style=\"font-family: arial, helvetica, sans-serif; font-size: 16pt;\"> El ISFDYT N\u00b0126 es un instituto p\u00fablico y gratuito<\/span><\/strong><\/span><\/p>\n<\/div>\n<\/div>\n<p><\/main><\/p>\n<p style=\"text-align: center;\"><img decoding=\"async\" loading=\"lazy\" class=\"alignnone  wp-image-1294\" src=\"https:\/\/isfdyt126-bue.infd.edu.ar\/sitio\/wp-content\/uploads\/2025\/11\/WhatsApp-Image-2025-11-07-at-21.19.41-2-1000x1000.jpeg\" alt=\"\" width=\"363\" height=\"363\" srcset=\"https:\/\/isfdyt126-bue.infd.edu.ar\/sitio\/wp-content\/uploads\/2025\/11\/WhatsApp-Image-2025-11-07-at-21.19.41-2-1000x1000.jpeg 1000w, https:\/\/isfdyt126-bue.infd.edu.ar\/sitio\/wp-content\/uploads\/2025\/11\/WhatsApp-Image-2025-11-07-at-21.19.41-2-500x500.jpeg 500w, https:\/\/isfdyt126-bue.infd.edu.ar\/sitio\/wp-content\/uploads\/2025\/11\/WhatsApp-Image-2025-11-07-at-21.19.41-2-768x768.jpeg 768w, https:\/\/isfdyt126-bue.infd.edu.ar\/sitio\/wp-content\/uploads\/2025\/11\/WhatsApp-Image-2025-11-07-at-21.19.41-2.jpeg 1024w\" sizes=\"(max-width: 363px) 100vw, 363px\" \/><\/p>\n<p><main id=\"main\" class=\"site-main\"><\/p>\n<div class=\"generate-sections-container\" style=\"background-color: #ffffff;\">\n<div class=\"grid-container grid-parent generate-sections-inside-container\">\n<table id=\"table1\" border=\"1\" cellspacing=\"0\" cellpadding=\"10\" align=\"center\">\n<tbody>\n<tr>\n<td style=\"text-align: justify; border: 1px solid;\">\n<p style=\"text-align: center;\"><span style=\"font-size: 14pt; color: #000080; font-family: arial, helvetica, sans-serif;\"><strong>Instituto Superior de Formaci\u00f3n Docente y Tecnica N\u00ba126<\/strong><\/span><\/p>\n<p>&nbsp;<\/p>\n<p><span style=\"color: #800080;\"><img decoding=\"async\" loading=\"lazy\" style=\"float: left; margin-right: 15px;\" src=\"https:\/\/isfdyt126-bue.infd.edu.ar\/sitio\/wp-content\/uploads\/2025\/11\/primero.jpg\" width=\"480\" height=\"270\" \/><\/span><\/p>\n<p style=\"text-align: justify;\"><span style=\"color: #000080;\"><strong><span style=\"font-family: arial, helvetica, sans-serif; font-size: 10pt;\"> Este es el Sitio Web Oficial del Instituto Superior de Formaci\u00f3n Docente y Tecnica N\u00b0126, \u00abEscuela Don Jose de San Martin\u00bb. <\/span><\/strong><\/span><\/p>\n<p style=\"text-align: justify;\"><span style=\"color: #000080;\"><strong><span style=\"font-family: arial, helvetica, sans-serif; font-size: 10pt;\"> Ahora tambi\u00e9n pod\u00e9s seguirnos en <\/span><\/strong><\/span><\/p>\n<p style=\"text-align: justify;\"><span style=\"color: #000080;\"><strong><span style=\"font-family: arial, helvetica, sans-serif; font-size: 10pt;\"><a style=\"color: #000080;\" href=\"https:\/\/www.facebook.com\/profile.php?id=61580041904892\">Facebook @Inst Superior Salto<\/a><\/span><\/strong><\/span><\/p>\n<p style=\"text-align: justify;\"><a href=\"https:\/\/www.instagram.com\/i.s.f.dytn126\/\"><span style=\"color: #000080;\"><strong><span style=\"font-family: arial, helvetica, sans-serif; font-size: 10pt;\"> Instagram @i.s.f.dytn126 <\/span><\/strong><\/span><\/a><\/p>\n<p style=\"text-align: justify;\"><span style=\"font-family: arial, helvetica, sans-serif; color: #000080;\"><span style=\"font-size: 10pt;\"> Este Instituto Superior de Formaci\u00f3n Docente forma parte del sistema de educaci\u00f3n p\u00fablica de gesti\u00f3n estatal. <\/span><\/span><\/p>\n<p style=\"text-align: justify;\"><span style=\"font-size: 10pt; color: #000080; font-family: arial, helvetica, sans-serif;\"> A trav\u00e9s de este sitio en Internet, nuestro Instituto podr\u00e1 comunicar novedades, acercar informaci\u00f3n, compartir experiencias y brindar apoyo y asesoramiento a estudiantes, docentes e interesados en formar parte de esta comunidad educativa. <\/span><\/p>\n<p><span style=\"color: #000080; font-family: arial, helvetica, sans-serif; font-size: 10pt;\"> Junto con varios cientos de Institutos, integramos la <\/span> <strong style=\"color: #000080; font-family: arial, helvetica, sans-serif; font-size: 10pt;\"><em>Red Virtual de Institutos Superiores de Formaci\u00f3n Docente<\/em><\/strong> <span style=\"color: #000080; font-family: arial, helvetica, sans-serif; font-size: 10pt;\"> coordinada por el <\/span> <strong style=\"color: #000080; font-family: arial, helvetica, sans-serif; font-size: 10pt;\"> INFD <\/strong> <span style=\"color: #000080; font-family: arial, helvetica, sans-serif; font-size: 10pt;\"> (Instituto Nacional de Formaci\u00f3n Docente) dependiente del Ministerio de Educaci\u00f3n de la Naci\u00f3n Argentina. <\/span><\/p>\n<\/td>\n<\/tr>\n<\/tbody>\n<\/table>\n<p style=\"text-align: center;\">\u00a0<\/p>\n<\/div>\n<\/div>\n<p><\/main><\/div>\n<\/div>\n<div class=\"lgc-column lgc-grid-parent lgc-grid-50 lgc-tablet-grid-50 lgc-mobile-grid-100 lgc-equal-heights lgc-last\">\n<div class=\"inside-grid-column\">\n<p>\u00bfD\u00f3nde se encuentra el Instituto Superior de Formaci\u00f3n Docente y Tecnica N\u00b0126?<\/p>\n<p><strong>Bernardino Esperanza 413. Salto. Provincia de Buenos Aires.<\/strong><\/p>\n<div style=\"width: 100%; margin: 0; padding: 0;\"><iframe loading=\"lazy\" style=\"border: 0; display: block; border-radius: 0;\" src=\"https:\/\/www.google.com\/maps\/embed?pb=!1m18!1m12!1m3!1d3296.130774845053!2d-60.25744552567395!3d-34.296211341320934!2m3!1f0!2f0!3f0!3m2!1i1024!2i768!4f13.1!3m3!1m2!1s0x95b91280ddd64e13%3A0x26e8a6071d81632f!2sUnidad%20Acad%C3%A9mica%20Jos%C3%A9%20de%20San%20Mart%C3%ADn!5e0!3m2!1ses-419!2sar!4v1760562421423!5m2!1ses-419!2sar\" width=\"100%\" height=\"500\" allowfullscreen=\"allowfullscreen\"><br \/>\n  <\/iframe><\/div>\n<div class=\"lgc-clear\">\u00a0<\/div>\n<\/div>\n<\/div>\n<p><!-- #main --><\/div>\n<p><!-- #primary --><\/p>\n<p>&nbsp;<\/p>\n<p><!-- #content --><\/p>\n<p>&nbsp;<\/p>\n<p><!-- #page --><\/p>\n<p>&nbsp;<\/p>\n","protected":false},"excerpt":{"rendered":"<p>El ISFDYT N\u00b0126 es un instituto p\u00fablico y gratuito Instituto Superior de Formaci\u00f3n Docente y Tecnica N\u00ba126 &nbsp; Este es el Sitio Web Oficial del Instituto Superior de Formaci\u00f3n Docente y Tecnica N\u00b0126, \u00abEscuela Don Jose de San Martin\u00bb. Ahora tambi\u00e9n pod\u00e9s seguirnos en Facebook @Inst Superior Salto Instagram @i.s.f.dytn126 Este Instituto Superior de Formaci\u00f3n &#8230; <a title=\"Inicio\" class=\"read-more\" href=\"https:\/\/isfdyt126-bue.infd.edu.ar\/sitio\/\" aria-label=\"More on Inicio\">[+]<\/a><\/p>\n","protected":false},"author":1,"featured_media":0,"parent":0,"menu_order":0,"comment_status":"closed","ping_status":"closed","template":"","meta":[],"acf":[],"_links":{"self":[{"href":"https:\/\/isfdyt126-bue.infd.edu.ar\/sitio\/wp-json\/wp\/v2\/pages\/286"}],"collection":[{"href":"https:\/\/isfdyt126-bue.infd.edu.ar\/sitio\/wp-json\/wp\/v2\/pages"}],"about":[{"href":"https:\/\/isfdyt126-bue.infd.edu.ar\/sitio\/wp-json\/wp\/v2\/types\/page"}],"author":[{"embeddable":true,"href":"https:\/\/isfdyt126-bue.infd.edu.ar\/sitio\/wp-json\/wp\/v2\/users\/1"}],"replies":[{"embeddable":true,"href":"https:\/\/isfdyt126-bue.infd.edu.ar\/sitio\/wp-json\/wp\/v2\/comments?post=286"}],"version-history":[{"count":289,"href":"https:\/\/isfdyt126-bue.infd.edu.ar\/sitio\/wp-json\/wp\/v2\/pages\/286\/revisions"}],"predecessor-version":[{"id":1332,"href":"https:\/\/isfdyt126-bue.infd.edu.ar\/sitio\/wp-json\/wp\/v2\/pages\/286\/revisions\/1332"}],"wp:attachment":[{"href":"https:\/\/isfdyt126-bue.infd.edu.ar\/sitio\/wp-json\/wp\/v2\/media?parent=286"}],"curies":[{"name":"wp","href":"https:\/\/api.w.org\/{rel}","templated":true}]}}