{"id":1405,"date":"2025-11-18T20:29:43","date_gmt":"2025-11-18T23:29:43","guid":{"rendered":"https:\/\/isfdyt126-bue.infd.edu.ar\/sitio\/?page_id=1405"},"modified":"2025-11-18T20:29:47","modified_gmt":"2025-11-18T23:29:47","slug":"profesorado-de-educacion-especial-con-orientacion-en-discapacidad-intelectual","status":"publish","type":"page","link":"https:\/\/isfdyt126-bue.infd.edu.ar\/sitio\/profesorado-de-educacion-especial-con-orientacion-en-discapacidad-intelectual\/","title":{"rendered":"Profesorado de Educaci\u00f3n Especial con Orientaci\u00f3n en Discapacidad Intelectual"},"content":{"rendered":"\n<p><strong>Perfil del egresado<\/strong><\/p>\n\n\n\n<p>El perfil es lo que caracteriza al profesional teniendo en cuenta sus cualidades,<br>habilidades, conocimientos y actitudes que \u00e9ste deber\u00e1 asumir para resolver<br>los problemas en un campo de acci\u00f3n determinado.<br>En consecuencia el profesorado de Educaci\u00f3n Especial tiene como objetivo<br>que los futuros docentes:<br>-Desarrollen y profundicen habilidades cognitivas y comunicativas que<br>demanda el Nivel Superior;<br>-Reflexionen y conozcan al sujeto de la educaci\u00f3n especial, y con mayor<br>especificidad al que posee discapacidad intelectual, con una visi\u00f3n integral<br>reconociendo sus posibilidades de v\u00ednculos e interacci\u00f3n con otros;<br>-Construyan un marco interpretativo sobre el campo de la educaci\u00f3n<br>especial y los distintos paradigmas, con sus consecuentes derivaciones<br>sociales, culturales, institucionales y metodol\u00f3gicas, profundizando en el<br>conocimiento y la comprensi\u00f3n de las principales problem\u00e1ticas que<br>caracterizan los contextos espec\u00edficos de actuaci\u00f3n profesional;<br>-Desarrollen una actitud reflexiva respecto de su rol y del sentido que cobra<br>la ense\u00f1anza en los distintos \u00e1mbitos de incidencia de la educaci\u00f3n<br>especial con conciencia del car\u00e1cter pol\u00edtico, social y \u00e9tico de su tarea<br>docente, en la b\u00fasqueda de estrategias educativas adecuadas para<br>abordar la diversidad con expectativas de logro que favorezcan el<br>desarrollo y aprendizaje de cada uno de los alumnos y con miras a la<br>superaci\u00f3n de las desigualdades;<br>-Acrediten un conjunto de conocimientos, competencias, habilidades<br>actitudes y valores que les permita asumir la complejidad del desempe\u00f1o<br>de su rol y consecuentemente asuman un nivel de compromiso que le<br>permita dar una respuesta educativa adecuada a las necesidades<br>espec\u00edficas que manifiestan los alumnos con capacidades diferentes;<br>-Desarrollen competencia y habilidades para la planificaci\u00f3n, ejecuci\u00f3n y<br>evaluaci\u00f3n de proyectos educativos en diferentes contextos institucionales,<br>individuales, grupales y en el ejercicio independiente de la profesi\u00f3n;<br>-Se capaciten para intervenir cr\u00edtica y cient\u00edficamente en equipos<br>interdisciplinarios o transdisciplinario en organismos estatales, privados o<br>en el libre ejercicio de su profesi\u00f3n;<br>-Desarrollen las capacidades y habilidades para dise\u00f1ar, ejecutar y evaluar<br>proyectos y programas de investigaci\u00f3n y extensi\u00f3n, as\u00ed como para generar<br>innovaciones pedag\u00f3gicas a trav\u00e9s de la investigaci\u00f3n como aporte al<br>saber disciplinar;<br>-Desarrollen la disposici\u00f3n y capacidad para el aprendizaje permanente,<br>bas\u00e1ndose tanto en el estudio y actualizaci\u00f3n sistem\u00e1tica como en la<br>propia experiencia.<\/p>\n","protected":false},"excerpt":{"rendered":"<p>Perfil del egresado El perfil es lo que caracteriza al profesional teniendo en cuenta sus cualidades,habilidades, conocimientos y actitudes que \u00e9ste deber\u00e1 asumir para resolverlos problemas en un campo de acci\u00f3n determinado.En consecuencia el profesorado de Educaci\u00f3n Especial tiene como objetivoque los futuros docentes:-Desarrollen y profundicen habilidades cognitivas y comunicativas quedemanda el Nivel Superior;-Reflexionen y &#8230; <a title=\"Profesorado de Educaci\u00f3n Especial con Orientaci\u00f3n en Discapacidad Intelectual\" class=\"read-more\" href=\"https:\/\/isfdyt126-bue.infd.edu.ar\/sitio\/profesorado-de-educacion-especial-con-orientacion-en-discapacidad-intelectual\/\" aria-label=\"More on Profesorado de Educaci\u00f3n Especial con Orientaci\u00f3n en Discapacidad Intelectual\">[+]<\/a><\/p>\n","protected":false},"author":43,"featured_media":0,"parent":0,"menu_order":0,"comment_status":"closed","ping_status":"closed","template":"","meta":[],"acf":[],"_links":{"self":[{"href":"https:\/\/isfdyt126-bue.infd.edu.ar\/sitio\/wp-json\/wp\/v2\/pages\/1405"}],"collection":[{"href":"https:\/\/isfdyt126-bue.infd.edu.ar\/sitio\/wp-json\/wp\/v2\/pages"}],"about":[{"href":"https:\/\/isfdyt126-bue.infd.edu.ar\/sitio\/wp-json\/wp\/v2\/types\/page"}],"author":[{"embeddable":true,"href":"https:\/\/isfdyt126-bue.infd.edu.ar\/sitio\/wp-json\/wp\/v2\/users\/43"}],"replies":[{"embeddable":true,"href":"https:\/\/isfdyt126-bue.infd.edu.ar\/sitio\/wp-json\/wp\/v2\/comments?post=1405"}],"version-history":[{"count":1,"href":"https:\/\/isfdyt126-bue.infd.edu.ar\/sitio\/wp-json\/wp\/v2\/pages\/1405\/revisions"}],"predecessor-version":[{"id":1408,"href":"https:\/\/isfdyt126-bue.infd.edu.ar\/sitio\/wp-json\/wp\/v2\/pages\/1405\/revisions\/1408"}],"wp:attachment":[{"href":"https:\/\/isfdyt126-bue.infd.edu.ar\/sitio\/wp-json\/wp\/v2\/media?parent=1405"}],"curies":[{"name":"wp","href":"https:\/\/api.w.org\/{rel}","templated":true}]}}