{"id":1389,"date":"2025-11-18T20:07:50","date_gmt":"2025-11-18T23:07:50","guid":{"rendered":"https:\/\/isfdyt126-bue.infd.edu.ar\/sitio\/?page_id=1389"},"modified":"2025-11-18T20:07:52","modified_gmt":"2025-11-18T23:07:52","slug":"profesora-ensenanza-secundaria-en-matematica","status":"publish","type":"page","link":"https:\/\/isfdyt126-bue.infd.edu.ar\/sitio\/profesora-ensenanza-secundaria-en-matematica\/","title":{"rendered":"Profesora Ense\u00f1anza Secundaria en Matem\u00e1tica"},"content":{"rendered":"\n<p><strong>Perfil del egresado<\/strong><\/p>\n\n\n\n<p>A los fines de contribuir con la configuraci\u00f3n de la identidad profesional del profesor<br>como agente estatal, intelectual y trabajador de la educaci\u00f3n, se aspira a formar un<br>profesor de Matem\u00e1tica para la Educaci\u00f3n Secundaria con una s\u00f3lida formaci\u00f3n \u00e9tico pol\u00edtica, te\u00f3rica, metodol\u00f3gica y t\u00e9cnica, que sea promotor del respeto a la vida y a la<br>ley en una sociedad democr\u00e1tica. Se promueve la formaci\u00f3n de un profesor capaz de<br>dise\u00f1ar e implementar pr\u00e1cticas de ense\u00f1anza que posibiliten a los estudiantes de la<br>escuela secundaria el acceso a bienes culturales producidos por los avances<br>cient\u00edficos y tecnol\u00f3gicos del campo disciplinar, la ampliaci\u00f3n de oportunidades en<br>relaci\u00f3n con su incorporaci\u00f3n al mundo del trabajo, la continuidad en estudios<br>superiores y su desempe\u00f1o como ciudadanos en pos del fortalecimiento de una<br>sociedad m\u00e1s justa. En este marco, al finalizar la carrera, debe poseer las siguientes<br>capacidades:<br>En relaci\u00f3n con la ense\u00f1anza: conocer la matem\u00e1tica como ciencia consider\u00e1ndola en<br>sus tres dimensiones: una actividad cultural, un lenguaje simb\u00f3lico y un sistema<br>conceptual l\u00f3gicamente organizado y socialmente compartido. Comprender esa<br>naturaleza tridimensional de la matem\u00e1tica que la caracterizan como un conjunto de<br>conocimientos bien definido, un sistema abstracto de ideas y una herramienta \u00fatil para<br>aplicar en diversas situaciones concretas. Enriquecer su bagaje cultural y su pr\u00e1ctica<br>docente a trav\u00e9s de las m\u00faltiples manifestaciones de la matem\u00e1tica en la vida<br>cotidiana: en el arte, la m\u00fasica, la econom\u00eda, la ingenier\u00eda, la f\u00edsica, entre otras.<br>Diagnosticar, planificar, ejecutar y evaluar los procesos de ense\u00f1anza y de aprendizaje<br>que abordar\u00e1. Procurar la b\u00fasqueda de metodolog\u00edas innovadoras que, articuladas<br>con la correspondiente investigaci\u00f3n, optimice los resultados de aprendizaje de los<br>estudiantes. Analizar los resultados de su trabajo, evaluarlos y modificarlos para<br>mejorar la calidad de los aprendizajes de los estudiantes.<br>Participar en cursos, seminarios, talleres, jornadas, congresos, eventos y otras<br>actividades relacionadas con su rol profesional para perfeccionar las necesidades de<br>su pr\u00e1ctica y actualizarlas. Orientarse en la constante investigaci\u00f3n sobre la pr\u00e1ctica<br>docente y reflexionar de manera permanente sobre su rol social para perfeccionar su<br>desempe\u00f1o. Continuar su proceso de educaci\u00f3n permanente mediante el acceso a la<br>literatura m\u00e1s actualizada propia de la matem\u00e1tica y su did\u00e1ctica. Dise\u00f1ar actividades<br>integradas que propicien la interdisciplinariedad mediante el uso de modelizaci\u00f3n en<br>matem\u00e1tica, aplicaci\u00f3n de recursos tecnol\u00f3gicos de avanzada y bibliograf\u00eda<br>especializada.<br>En relaci\u00f3n con la instituci\u00f3n: participar en la elaboraci\u00f3n, implementaci\u00f3n y ajuste del<br>Proyecto Institucional y en las acciones destinadas a realizar la autoevaluaci\u00f3n<br>institucional; trabajar colaborativamente con pares en la programaci\u00f3n de la<br>ense\u00f1anza; apoyar y fortalecer procesos de democratizaci\u00f3n de la organizaci\u00f3n y el<br>gobierno escolar; trabajar en forma mancomunada con el equipo directivo, el equipo<br>de orientaci\u00f3n escolar y los departamentos; producir e interpretar informaci\u00f3n<br>estad\u00edstica para la toma de decisiones; comprender la relevancia de los procesos<br>organizativos y administrativos para el ejercicio de los derechos y las obligaciones.<br>En relaci\u00f3n con la comunidad: promover la difusi\u00f3n e intercambio de logros de<br>aprendizaje en el campo disciplinar de la Matem\u00e1tica en diferentes eventos; promover<br>la realizaci\u00f3n de eventos de divulgaci\u00f3n cient\u00edfica en el entorno comunitario; favorecer<br>la participaci\u00f3n de los estudiantes en proyectos comunitarios vinculados a<br>problem\u00e1ticas abordadas por el campo disciplinar de la Matem\u00e1tica; integrar a<br>referentes profesionales o id\u00f3neos en propuestas espec\u00edficas de ense\u00f1anza. Participar<br>de investigaciones y\/o trabajos experimentales acerca de aspectos relevantes en el<br>campo disciplinar y difundirlas a la comunidad.<\/p>\n","protected":false},"excerpt":{"rendered":"<p>Perfil del egresado A los fines de contribuir con la configuraci\u00f3n de la identidad profesional del profesorcomo agente estatal, intelectual y trabajador de la educaci\u00f3n, se aspira a formar unprofesor de Matem\u00e1tica para la Educaci\u00f3n Secundaria con una s\u00f3lida formaci\u00f3n \u00e9tico pol\u00edtica, te\u00f3rica, metodol\u00f3gica y t\u00e9cnica, que sea promotor del respeto a la vida y &#8230; <a title=\"Profesora Ense\u00f1anza Secundaria en Matem\u00e1tica\" class=\"read-more\" href=\"https:\/\/isfdyt126-bue.infd.edu.ar\/sitio\/profesora-ensenanza-secundaria-en-matematica\/\" aria-label=\"More on Profesora Ense\u00f1anza Secundaria en Matem\u00e1tica\">[+]<\/a><\/p>\n","protected":false},"author":43,"featured_media":0,"parent":0,"menu_order":0,"comment_status":"closed","ping_status":"closed","template":"","meta":[],"acf":[],"_links":{"self":[{"href":"https:\/\/isfdyt126-bue.infd.edu.ar\/sitio\/wp-json\/wp\/v2\/pages\/1389"}],"collection":[{"href":"https:\/\/isfdyt126-bue.infd.edu.ar\/sitio\/wp-json\/wp\/v2\/pages"}],"about":[{"href":"https:\/\/isfdyt126-bue.infd.edu.ar\/sitio\/wp-json\/wp\/v2\/types\/page"}],"author":[{"embeddable":true,"href":"https:\/\/isfdyt126-bue.infd.edu.ar\/sitio\/wp-json\/wp\/v2\/users\/43"}],"replies":[{"embeddable":true,"href":"https:\/\/isfdyt126-bue.infd.edu.ar\/sitio\/wp-json\/wp\/v2\/comments?post=1389"}],"version-history":[{"count":1,"href":"https:\/\/isfdyt126-bue.infd.edu.ar\/sitio\/wp-json\/wp\/v2\/pages\/1389\/revisions"}],"predecessor-version":[{"id":1392,"href":"https:\/\/isfdyt126-bue.infd.edu.ar\/sitio\/wp-json\/wp\/v2\/pages\/1389\/revisions\/1392"}],"wp:attachment":[{"href":"https:\/\/isfdyt126-bue.infd.edu.ar\/sitio\/wp-json\/wp\/v2\/media?parent=1389"}],"curies":[{"name":"wp","href":"https:\/\/api.w.org\/{rel}","templated":true}]}}