{"id":1357,"date":"2025-11-11T21:26:46","date_gmt":"2025-11-12T00:26:46","guid":{"rendered":"https:\/\/isfdyt126-bue.infd.edu.ar\/sitio\/?page_id=1357"},"modified":"2025-11-11T21:26:47","modified_gmt":"2025-11-12T00:26:47","slug":"tecnicatura-superioren-administracion-general","status":"publish","type":"page","link":"https:\/\/isfdyt126-bue.infd.edu.ar\/sitio\/tecnicatura-superioren-administracion-general\/","title":{"rendered":"TECNICATURA SUPERIOREN ADMINISTRACI\u00d3N GENERAL"},"content":{"rendered":"\n<p><strong>NIVEL: Terciario<br>MODALIDAD: Presencial<br>DURACI\u00d3N: 3 a\u00f1os<br>CANTIDAD DE HORAS: 1824 horas<\/strong><\/p>\n\n\n\n<p><strong>PERFIL PROFESIONAL<br> COMPETENCIA GENERAL:<br><\/strong>El T\u00e9cnico Superior en Administraci\u00f3n es un profesional que estar\u00e1 capacitado para desarrollar las<br>competencias para: organizar, programar, ejecutar y controlar las operaciones comerciales, financieras y<br>administrativas de la organizaci\u00f3n; elaborar, controlar y registrar el flujo de informaci\u00f3n; organizar y planificar<br>los recursos referidos para desarrollar sus actividades interactuando con el entorno y participando en la toma<br>de decisiones relacionadas con sus actividades. Coordinando equipos de trabajo relacionado con su<br>especialidad. Estas competencias ser\u00e1n desarrolladas seg\u00fan las incumbencias y las normas t\u00e9cnicas y<br>legales que rigen su campo profesional.<\/p>\n\n\n\n<p><strong>\u00c1REA OCUPACIONAL<br><\/strong>El T\u00e9cnico Superior en Administraci\u00f3n podr\u00e1 desarrollar sus actividades en grandes empresas, peque\u00f1as y<br>medianas empresas y micro emprendimientos como tambi\u00e9n en el sector terciario.<br>Los roles del T\u00e9cnico Superior podr\u00e1n ser, desde fuertemente espec\u00edficos, hasta marcadamente globales y de<br>gesti\u00f3n; variando con el tama\u00f1o, contenido tecnol\u00f3gico y tipo de tama\u00f1o y gesti\u00f3n de la empresa en la que se<br>desempe\u00f1e.<br>En empresas de mayor tama\u00f1o, participa, desde sus tareas espec\u00edficas, dentro del equipo de gesti\u00f3n (trabajo<br>en grupos, en c\u00e9lulas, etc.), increment\u00e1ndose la participaci\u00f3n en los aspectos m\u00e1s estrat\u00e9gicos y de la toma<br>de decisiones a medida que el tama\u00f1o de la empresa disminuye.<br>El trabajo coordinado, en equipo y de interrelaci\u00f3n con otros sectores ocupa un lugar clave en las actividades<br>de proyecto, dise\u00f1o y gesti\u00f3n.<br>Las funciones propias de este perfil puede diferenciarse de los distintos funcionarios seg\u00fan los grados de<br>decisi\u00f3n, autonom\u00eda, responsabilidad, especificidad y la rutina de los roles que detenten en la organizaci\u00f3n.<br>Podr\u00e1 cumplir distintas funciones dentro de la organizaci\u00f3n como ser:<\/p>\n\n\n\n<ul>\n<li>Direcci\u00f3n y planeamiento<\/li>\n\n\n\n<li>Producci\u00f3n<\/li>\n\n\n\n<li>Recursos Humanos<\/li>\n\n\n\n<li>Compras<\/li>\n\n\n\n<li>Comercializaci\u00f3n y Comercio Exterior<\/li>\n\n\n\n<li>Financiaci\u00f3n<\/li>\n\n\n\n<li>Contabilizaci\u00f3n<\/li>\n\n\n\n<li>Gesti\u00f3n integral<br>Las funciones propias de este perfil pueden diferenciarse seg\u00fan los grados de decisi\u00f3n, autonom\u00eda,<br>responsabilidad, especificidad y la rutina de los roles que detenten en la organizaci\u00f3n.<\/li>\n<\/ul>\n","protected":false},"excerpt":{"rendered":"<p>NIVEL: TerciarioMODALIDAD: PresencialDURACI\u00d3N: 3 a\u00f1osCANTIDAD DE HORAS: 1824 horas PERFIL PROFESIONAL COMPETENCIA GENERAL:El T\u00e9cnico Superior en Administraci\u00f3n es un profesional que estar\u00e1 capacitado para desarrollar lascompetencias para: organizar, programar, ejecutar y controlar las operaciones comerciales, financieras yadministrativas de la organizaci\u00f3n; elaborar, controlar y registrar el flujo de informaci\u00f3n; organizar y planificarlos recursos referidos para desarrollar &#8230; <a title=\"TECNICATURA SUPERIOREN ADMINISTRACI\u00d3N GENERAL\" class=\"read-more\" href=\"https:\/\/isfdyt126-bue.infd.edu.ar\/sitio\/tecnicatura-superioren-administracion-general\/\" aria-label=\"More on TECNICATURA SUPERIOREN ADMINISTRACI\u00d3N GENERAL\">[+]<\/a><\/p>\n","protected":false},"author":43,"featured_media":0,"parent":0,"menu_order":0,"comment_status":"closed","ping_status":"closed","template":"","meta":[],"acf":[],"_links":{"self":[{"href":"https:\/\/isfdyt126-bue.infd.edu.ar\/sitio\/wp-json\/wp\/v2\/pages\/1357"}],"collection":[{"href":"https:\/\/isfdyt126-bue.infd.edu.ar\/sitio\/wp-json\/wp\/v2\/pages"}],"about":[{"href":"https:\/\/isfdyt126-bue.infd.edu.ar\/sitio\/wp-json\/wp\/v2\/types\/page"}],"author":[{"embeddable":true,"href":"https:\/\/isfdyt126-bue.infd.edu.ar\/sitio\/wp-json\/wp\/v2\/users\/43"}],"replies":[{"embeddable":true,"href":"https:\/\/isfdyt126-bue.infd.edu.ar\/sitio\/wp-json\/wp\/v2\/comments?post=1357"}],"version-history":[{"count":1,"href":"https:\/\/isfdyt126-bue.infd.edu.ar\/sitio\/wp-json\/wp\/v2\/pages\/1357\/revisions"}],"predecessor-version":[{"id":1360,"href":"https:\/\/isfdyt126-bue.infd.edu.ar\/sitio\/wp-json\/wp\/v2\/pages\/1357\/revisions\/1360"}],"wp:attachment":[{"href":"https:\/\/isfdyt126-bue.infd.edu.ar\/sitio\/wp-json\/wp\/v2\/media?parent=1357"}],"curies":[{"name":"wp","href":"https:\/\/api.w.org\/{rel}","templated":true}]}}