{"id":1342,"date":"2025-11-11T21:04:35","date_gmt":"2025-11-12T00:04:35","guid":{"rendered":"https:\/\/isfdyt126-bue.infd.edu.ar\/sitio\/?page_id=1342"},"modified":"2025-11-11T21:04:38","modified_gmt":"2025-11-12T00:04:38","slug":"tecnicatura-superior-en-enfermeria","status":"publish","type":"page","link":"https:\/\/isfdyt126-bue.infd.edu.ar\/sitio\/tecnicatura-superior-en-enfermeria\/","title":{"rendered":"TECNICATURA SUPERIOR EN ENFERMER\u00cdA"},"content":{"rendered":"\n<p><strong>NIVEL: SUPERIOR<br>MODALIDAD: PRESENCIAL<br>DURACI\u00d3N: 3 A\u00d1OS<br>CANTIDAD DE HORAS: 2144 HORAS<\/strong><\/p>\n\n\n\n<p><strong>PERFIL PROFESIONAL DEL ENFERMERO<\/strong><\/p>\n\n\n\n<p><strong>\u0421OMPETENCIA GENERAL:<br><\/strong>El Enfermero es un profesional de las Ciencias de la Salud con formaci\u00f3n cient\u00edfica, t\u00e9cnica<br>y human\u00edstica, responsable de brindar cuidados de enfermer\u00eda a las personas, familias y<br>comunidad. Asume el derecho a la salud de las personas como inalienable y se integra al<br>sistema de salud con sus competencias para garantizarlo.<br>Despliega las actividades de cuidado utilizando las estrategias de protecci\u00f3n y promoci\u00f3n de<br>la salud, asistencia de las enfermedades y su recuperaci\u00f3n, como integrante del equipo de<br>salud para elevar el nivel de salud y la calidad de vida de la poblaci\u00f3n.<br>Participa en procesos de gesti\u00f3n de los servicios de enfermer\u00eda para mejorar los cuidados y<br>valora la educaci\u00f3n permanente en salud, respetando el protagonismo de las personas en el<br>cuidado de su propia salud.<br>En el desempe\u00f1o profesional asume una actitud reflexiva, cr\u00edtica, \u00e9tica y de responsabilidad<br>legal, con participaci\u00f3n, compromiso profesional y fortalecimiento del colectivo de<br>enfermer\u00eda, como as\u00ed mismo, una permanente actitud investigativa que propicie el desarrollo<br>de la disciplina y la promoci\u00f3n de cambios, participando en los procesos de gesti\u00f3n a fin de<br>mejorar la calidad de los cuidados de la salud.<\/p>\n\n\n\n<p><strong> \u00c1REA OCUPACIONAL<br><\/strong>El enfermero puede ejercer la profesi\u00f3n, tanto en forma libre y aut\u00f3noma, como en relaci\u00f3n<br>de dependencia, pudi\u00e9ndose desempe\u00f1ar en gabinetes privados, en el domicilio de la<br>persona, en locales, instituciones o establecimientos p\u00fablicos y\/o privados, y en todos<br>aquellos \u00e1mbitos gubernamentales y no gubernamentales donde se requiera su desempe\u00f1o<br>acorde al marco legal vigente.<\/p>\n","protected":false},"excerpt":{"rendered":"<p>NIVEL: SUPERIORMODALIDAD: PRESENCIALDURACI\u00d3N: 3 A\u00d1OSCANTIDAD DE HORAS: 2144 HORAS PERFIL PROFESIONAL DEL ENFERMERO \u0421OMPETENCIA GENERAL:El Enfermero es un profesional de las Ciencias de la Salud con formaci\u00f3n cient\u00edfica, t\u00e9cnicay human\u00edstica, responsable de brindar cuidados de enfermer\u00eda a las personas, familias ycomunidad. Asume el derecho a la salud de las personas como inalienable y se integra &#8230; <a title=\"TECNICATURA SUPERIOR EN ENFERMER\u00cdA\" class=\"read-more\" href=\"https:\/\/isfdyt126-bue.infd.edu.ar\/sitio\/tecnicatura-superior-en-enfermeria\/\" aria-label=\"More on TECNICATURA SUPERIOR EN ENFERMER\u00cdA\">[+]<\/a><\/p>\n","protected":false},"author":43,"featured_media":0,"parent":0,"menu_order":0,"comment_status":"closed","ping_status":"closed","template":"","meta":[],"acf":[],"_links":{"self":[{"href":"https:\/\/isfdyt126-bue.infd.edu.ar\/sitio\/wp-json\/wp\/v2\/pages\/1342"}],"collection":[{"href":"https:\/\/isfdyt126-bue.infd.edu.ar\/sitio\/wp-json\/wp\/v2\/pages"}],"about":[{"href":"https:\/\/isfdyt126-bue.infd.edu.ar\/sitio\/wp-json\/wp\/v2\/types\/page"}],"author":[{"embeddable":true,"href":"https:\/\/isfdyt126-bue.infd.edu.ar\/sitio\/wp-json\/wp\/v2\/users\/43"}],"replies":[{"embeddable":true,"href":"https:\/\/isfdyt126-bue.infd.edu.ar\/sitio\/wp-json\/wp\/v2\/comments?post=1342"}],"version-history":[{"count":1,"href":"https:\/\/isfdyt126-bue.infd.edu.ar\/sitio\/wp-json\/wp\/v2\/pages\/1342\/revisions"}],"predecessor-version":[{"id":1345,"href":"https:\/\/isfdyt126-bue.infd.edu.ar\/sitio\/wp-json\/wp\/v2\/pages\/1342\/revisions\/1345"}],"wp:attachment":[{"href":"https:\/\/isfdyt126-bue.infd.edu.ar\/sitio\/wp-json\/wp\/v2\/media?parent=1342"}],"curies":[{"name":"wp","href":"https:\/\/api.w.org\/{rel}","templated":true}]}}