{"id":1337,"date":"2025-11-11T20:55:01","date_gmt":"2025-11-11T23:55:01","guid":{"rendered":"https:\/\/isfdyt126-bue.infd.edu.ar\/sitio\/?page_id=1337"},"modified":"2025-11-11T20:55:03","modified_gmt":"2025-11-11T23:55:03","slug":"tecnico-superior-en-higiene-y-seguridad-en-el-trabajo","status":"publish","type":"page","link":"https:\/\/isfdyt126-bue.infd.edu.ar\/sitio\/tecnico-superior-en-higiene-y-seguridad-en-el-trabajo\/","title":{"rendered":"T\u00e9cnico Superior en Higiene y Seguridad en el Trabajo"},"content":{"rendered":"\n<p><strong>NIVEL: Superior<br>MODALIDAD: Presencial<br>CARGA HORARIA DE LA CARRERA: 1920 horas reloj<\/strong><\/p>\n\n\n\n<p><strong>PERFIL PROFESIONAL<\/strong><\/p>\n\n\n\n<p><br><strong>COMPETENCIA GENERAL<br><\/strong>El T\u00e9cnico Superior en Seguridad e Higiene en el Trabajo es un profesional competente<br>para la organizaci\u00f3n, la planificaci\u00f3n y organizaci\u00f3n de actividades, el dise\u00f1o, la<br>gesti\u00f3n de los recursos de los servicios, la evaluaci\u00f3n y control y la capacitaci\u00f3n en<br>aspectos inherentes a la higiene y seguridad en el trabajo.<br>Puede dise\u00f1ar, inspeccionar y controlar equipos y elementos de protecci\u00f3n personal y<br>colectiva, como as\u00ed tambi\u00e9n; instalaciones en ambientes de trabajo en los que se desarrollen<br>actividades con riesgos asociados a iluminaci\u00f3n, ventilaci\u00f3n, radiaciones, carga t\u00e9rmica,<br>ruidos y vibraciones, incendios y\/o explosiones, transporte y\/o manipulaci\u00f3n de materiales,<br>contaminaci\u00f3n y afluentes industriales.<\/p>\n\n\n\n<p>Realiza el an\u00e1lisis, evaluaci\u00f3n y control de situaciones en las que existen contaminantes<br>qu\u00edmicos, biol\u00f3gicos, f\u00edsicos y ergon\u00f3micos en ambientes laborales. Colabora en la<br>implementaci\u00f3n y desarrollo programas de trabajo en materia de higiene y seguridad laboral<br>y programas de capacitaci\u00f3n para la prevenci\u00f3n y la protecci\u00f3n de riesgos laborales.<br>Asiste en la caracterizaci\u00f3n de puestos de trabajo, en funci\u00f3n de los riesgos laborales con<br>intervenci\u00f3n en la selecci\u00f3n e ingreso de personal.<\/p>\n\n\n\n<p><br><strong>\u00c1REAS DE COMPETENCIA<br><\/strong>Planificar y organizar actividades relacionadas con la seguridad e higiene en<br>ambientes de trabajo.<br>Dise\u00f1ar procesos, puestos de trabajo, dispositivos, instalaciones, equipos y<br>productos, con un enfoque preventivo y ergon\u00f3mico, para ser utilizados en \u00e1mbitos<br>laborables.<br>Gestionar los recursos de los servicios de seguridad e higiene de las organizaciones,<br>confeccionando la documentaci\u00f3n demandada por los organismos de fiscalizaci\u00f3n<br>correspondientes.<br>Evaluar y controlar, realizando los procesos de medici\u00f3n y supervisi\u00f3n, de los<br>aspectos relacionados con la higiene y seguridad en el trabajo.<br>Capacitar en la prevenci\u00f3n de riesgos y enfermedades profesionales, coordinando<br>acciones con los distintos sectores de la organizaci\u00f3n productiva.<\/p>\n\n\n\n<p><br><strong>\u00c1REA OCUPACIONAL<br><\/strong>El T\u00e9cnico Superior en Seguridad e Higiene en el Trabajo puede desempe\u00f1arse en los<br>servicios de Seguridad e Higiene de las m\u00e1s diversas organizaciones, tales como empresas<br>industriales, comerciales, de servicios, de la construcci\u00f3n y actividades laborales en general.<br>Asimismo, es capaz de actuar como asesor externo de dichas organizaciones, brindado el<br>asesoramiento seg\u00fan la normativa y legislaci\u00f3n vigente, interviniendo preventivamente para<br>evitar accidentes y enfermedades profesionales.<\/p>\n\n\n\n<p><\/p>\n","protected":false},"excerpt":{"rendered":"<p>NIVEL: SuperiorMODALIDAD: PresencialCARGA HORARIA DE LA CARRERA: 1920 horas reloj PERFIL PROFESIONAL COMPETENCIA GENERALEl T\u00e9cnico Superior en Seguridad e Higiene en el Trabajo es un profesional competentepara la organizaci\u00f3n, la planificaci\u00f3n y organizaci\u00f3n de actividades, el dise\u00f1o, lagesti\u00f3n de los recursos de los servicios, la evaluaci\u00f3n y control y la capacitaci\u00f3n enaspectos inherentes a la &#8230; <a title=\"T\u00e9cnico Superior en Higiene y Seguridad en el Trabajo\" class=\"read-more\" href=\"https:\/\/isfdyt126-bue.infd.edu.ar\/sitio\/tecnico-superior-en-higiene-y-seguridad-en-el-trabajo\/\" aria-label=\"More on T\u00e9cnico Superior en Higiene y Seguridad en el Trabajo\">[+]<\/a><\/p>\n","protected":false},"author":43,"featured_media":0,"parent":0,"menu_order":0,"comment_status":"closed","ping_status":"closed","template":"","meta":[],"acf":[],"_links":{"self":[{"href":"https:\/\/isfdyt126-bue.infd.edu.ar\/sitio\/wp-json\/wp\/v2\/pages\/1337"}],"collection":[{"href":"https:\/\/isfdyt126-bue.infd.edu.ar\/sitio\/wp-json\/wp\/v2\/pages"}],"about":[{"href":"https:\/\/isfdyt126-bue.infd.edu.ar\/sitio\/wp-json\/wp\/v2\/types\/page"}],"author":[{"embeddable":true,"href":"https:\/\/isfdyt126-bue.infd.edu.ar\/sitio\/wp-json\/wp\/v2\/users\/43"}],"replies":[{"embeddable":true,"href":"https:\/\/isfdyt126-bue.infd.edu.ar\/sitio\/wp-json\/wp\/v2\/comments?post=1337"}],"version-history":[{"count":1,"href":"https:\/\/isfdyt126-bue.infd.edu.ar\/sitio\/wp-json\/wp\/v2\/pages\/1337\/revisions"}],"predecessor-version":[{"id":1340,"href":"https:\/\/isfdyt126-bue.infd.edu.ar\/sitio\/wp-json\/wp\/v2\/pages\/1337\/revisions\/1340"}],"wp:attachment":[{"href":"https:\/\/isfdyt126-bue.infd.edu.ar\/sitio\/wp-json\/wp\/v2\/media?parent=1337"}],"curies":[{"name":"wp","href":"https:\/\/api.w.org\/{rel}","templated":true}]}}