{"id":1277,"date":"2025-11-04T21:28:37","date_gmt":"2025-11-05T00:28:37","guid":{"rendered":"https:\/\/isfdyt126-bue.infd.edu.ar\/sitio\/?page_id=1277"},"modified":"2025-11-11T20:43:00","modified_gmt":"2025-11-11T23:43:00","slug":"inscripcion-2026-4","status":"publish","type":"page","link":"https:\/\/isfdyt126-bue.infd.edu.ar\/sitio\/inscripcion-2026-4\/","title":{"rendered":"INSCRIPCI\u00d3N 2026"},"content":{"rendered":"\n<p><strong>&#x1f4dd; Preinscripci\u00f3n<\/strong><\/p>\n\n\n\n<p>Pod\u00e9s acceder al Formulario de Preinscripci\u00f3n desde el siguiente enlace o c\u00f3digo QR disponible en la instituci\u00f3n:<\/p>\n\n\n\n<p><a href=\"https:\/\/docs.google.com\/forms\/d\/e\/1FAIpQLSfWR7eztW2aeUGzLkPVgY0eftVM-eJLWSSyWWHl7Xad2RS-Qw\/viewform\">https:\/\/docs.google.com\/forms\/d\/e\/1FAIpQLSfWR7eztW2aeUGzLkPVgY0eftVM-eJLWSSyWWHl7Xad2RS-Qw\/viewform<\/a><\/p>\n\n\n\n<p>&#x1f3eb; Instituto Superior de Formaci\u00f3n Docente y T\u00e9cnica N.\u00ba 126<\/p>\n\n\n\n<p>&#x1f4cd; Direcci\u00f3n: Bernardino Esperanza 413 \u2014 Salto, Provincia de Buenos Aires, Argentina<\/p>\n\n\n\n<p>&#x1f4ec; Validez Nacional en todas sus carreras<\/p>\n\n\n\n<hr class=\"wp-block-separator has-alpha-channel-opacity\"\/>\n\n\n\n<p>&#x1f393; <strong>Profesorados<\/strong><\/p>\n\n\n\n<p>Profesorado de Educaci\u00f3n Primaria<\/p>\n\n\n\n<p>Resoluci\u00f3n: 4154\/2007<\/p>\n\n\n\n<p>Duraci\u00f3n: 4 a\u00f1os<\/p>\n\n\n\n<p>Validez: Nacional<\/p>\n\n\n\n<p>Inserci\u00f3n laboral: Escuelas de nivel primario<\/p>\n\n\n\n<hr class=\"wp-block-separator has-alpha-channel-opacity\"\/>\n\n\n\n<p><strong>Profesorado para la Educaci\u00f3n Secundaria en Historia<\/strong><\/p>\n\n\n\n<p>Resoluci\u00f3n: 3609\/2022<\/p>\n\n\n\n<p>Duraci\u00f3n: 4 a\u00f1os<\/p>\n\n\n\n<p>Validez: Nacional<\/p>\n\n\n\n<p>Inserci\u00f3n laboral: Escuelas de nivel secundario<\/p>\n\n\n\n<hr class=\"wp-block-separator has-alpha-channel-opacity\"\/>\n\n\n\n<p><strong>Profesorado para Nivel Primario y Secundario en Ingl\u00e9s<\/strong><\/p>\n\n\n\n<p>Resoluci\u00f3n: 1860\/2017<\/p>\n\n\n\n<p>Duraci\u00f3n: 4 a\u00f1os<\/p>\n\n\n\n<p>Validez: Nacional<\/p>\n\n\n\n<p>Inserci\u00f3n laboral: Escuelas de nivel primario y secundario<\/p>\n\n\n\n<hr class=\"wp-block-separator has-alpha-channel-opacity\"\/>\n\n\n\n<p><strong>&#x2699;&#xfe0f; Tecnicaturas Superiores<\/strong><\/p>\n\n\n\n<p>Tecnicatura Superior en Administraci\u00f3n de Recursos Humanos<\/p>\n\n\n\n<p>Resoluci\u00f3n: 5311\/2024<\/p>\n\n\n\n<p>Duraci\u00f3n: 3 a\u00f1os<\/p>\n\n\n\n<p>Validez: Nacional<\/p>\n\n\n\n<p>Inserci\u00f3n laboral: Sector p\u00fablico y privado (selecci\u00f3n de personal, capacitaci\u00f3n, relaciones laborales, liquidaci\u00f3n de sueldos, consultor\u00eda)<\/p>\n\n\n\n<hr class=\"wp-block-separator has-alpha-channel-opacity\"\/>\n\n\n\n<p><strong>Tecnicatura Superior en Log\u00edstica<\/strong><\/p>\n\n\n\n<p>Resoluci\u00f3n: 5312\/2024<\/p>\n\n\n\n<p>Duraci\u00f3n: 3 a\u00f1os<\/p>\n\n\n\n<p>Validez: Nacional<\/p>\n\n\n\n<p>Inserci\u00f3n laboral: Gesti\u00f3n de operaciones, planificaci\u00f3n y optimizaci\u00f3n de cadenas de suministro y comercio exterior. Empresas de transporte, distribuci\u00f3n, retail y servicios.<\/p>\n\n\n\n<hr class=\"wp-block-separator has-alpha-channel-opacity\"\/>\n\n\n\n<p><strong>Tecnicatura Superior en Psicopedagog\u00eda<\/strong><\/p>\n\n\n\n<p>Resoluci\u00f3n: 2460\/2011<\/p>\n\n\n\n<p>Duraci\u00f3n: 4 a\u00f1os<\/p>\n\n\n\n<p>Validez: Nacional<\/p>\n\n\n\n<p>Inserci\u00f3n laboral: \u00c1mbito educativo, sistema de salud, \u00e1mbito privado<\/p>\n\n\n\n<hr class=\"wp-block-separator has-alpha-channel-opacity\"\/>\n\n\n\n<p><strong>Tecnicatura Superior en Enfermer\u00eda<\/strong><\/p>\n\n\n\n<p>Resoluci\u00f3n: 854\/2018<\/p>\n\n\n\n<p>Duraci\u00f3n: 3 a\u00f1os<\/p>\n\n\n\n<p>Validez: Nacional<\/p>\n\n\n\n<p>Inserci\u00f3n laboral: Sistema de salud (hospitales, cl\u00ednicas, atenci\u00f3n primaria, sector privado, cuenta propia)<\/p>\n\n\n\n<hr class=\"wp-block-separator has-alpha-channel-opacity\"\/>\n\n\n\n<p><strong>Especializaci\u00f3n de Enfermer\u00eda en Salud Mental<\/strong><\/p>\n\n\n\n<p>Resoluci\u00f3n: 43\/2017<\/p>\n\n\n\n<p>Duraci\u00f3n: 1 a\u00f1o<\/p>\n\n\n\n<p>Validez: Nacional<\/p>\n\n\n\n<p>Tipo: Formaci\u00f3n de Posgrado<\/p>\n\n\n\n<p>Requisito: Poseer t\u00edtulo de T\u00e9cnica\/o Superior en Enfermer\u00eda o ser Licenciada\/o en Enfermer\u00eda<\/p>\n\n\n\n<p>Objetivo: Profundizar conocimientos y habilidades para brindar atenci\u00f3n integral en salud mental.<\/p>\n\n\n\n<hr class=\"wp-block-separator has-alpha-channel-opacity\"\/>\n","protected":false},"excerpt":{"rendered":"<p>&#x1f4dd; Preinscripci\u00f3n Pod\u00e9s acceder al Formulario de Preinscripci\u00f3n desde el siguiente enlace o c\u00f3digo QR disponible en la instituci\u00f3n: https:\/\/docs.google.com\/forms\/d\/e\/1FAIpQLSfWR7eztW2aeUGzLkPVgY0eftVM-eJLWSSyWWHl7Xad2RS-Qw\/viewform &#x1f3eb; Instituto Superior de Formaci\u00f3n Docente y T\u00e9cnica N.\u00ba 126 &#x1f4cd; Direcci\u00f3n: Bernardino Esperanza 413 \u2014 Salto, Provincia de Buenos Aires, Argentina &#x1f4ec; Validez Nacional en todas sus carreras &#x1f393; Profesorados Profesorado de Educaci\u00f3n Primaria &#8230; <a title=\"INSCRIPCI\u00d3N 2026\" class=\"read-more\" href=\"https:\/\/isfdyt126-bue.infd.edu.ar\/sitio\/inscripcion-2026-4\/\" aria-label=\"More on INSCRIPCI\u00d3N 2026\">[+]<\/a><\/p>\n","protected":false},"author":43,"featured_media":0,"parent":0,"menu_order":0,"comment_status":"closed","ping_status":"closed","template":"","meta":[],"acf":[],"_links":{"self":[{"href":"https:\/\/isfdyt126-bue.infd.edu.ar\/sitio\/wp-json\/wp\/v2\/pages\/1277"}],"collection":[{"href":"https:\/\/isfdyt126-bue.infd.edu.ar\/sitio\/wp-json\/wp\/v2\/pages"}],"about":[{"href":"https:\/\/isfdyt126-bue.infd.edu.ar\/sitio\/wp-json\/wp\/v2\/types\/page"}],"author":[{"embeddable":true,"href":"https:\/\/isfdyt126-bue.infd.edu.ar\/sitio\/wp-json\/wp\/v2\/users\/43"}],"replies":[{"embeddable":true,"href":"https:\/\/isfdyt126-bue.infd.edu.ar\/sitio\/wp-json\/wp\/v2\/comments?post=1277"}],"version-history":[{"count":4,"href":"https:\/\/isfdyt126-bue.infd.edu.ar\/sitio\/wp-json\/wp\/v2\/pages\/1277\/revisions"}],"predecessor-version":[{"id":1336,"href":"https:\/\/isfdyt126-bue.infd.edu.ar\/sitio\/wp-json\/wp\/v2\/pages\/1277\/revisions\/1336"}],"wp:attachment":[{"href":"https:\/\/isfdyt126-bue.infd.edu.ar\/sitio\/wp-json\/wp\/v2\/media?parent=1277"}],"curies":[{"name":"wp","href":"https:\/\/api.w.org\/{rel}","templated":true}]}}