{"id":1247,"date":"2025-10-29T20:52:48","date_gmt":"2025-10-29T23:52:48","guid":{"rendered":"https:\/\/isfdyt126-bue.infd.edu.ar\/sitio\/?page_id=1247"},"modified":"2025-10-29T20:52:50","modified_gmt":"2025-10-29T23:52:50","slug":"inscripcion-2026-2","status":"publish","type":"page","link":"https:\/\/isfdyt126-bue.infd.edu.ar\/sitio\/inscripcion-2026-2\/","title":{"rendered":"Inscripci\u00f3n 2026"},"content":{"rendered":"\n<p>La&nbsp;<strong>inscripci\u00f3n<\/strong>&nbsp;para el ciclo lectivo 2026 <strong>comienza desde el lunes 3 al viernes 28 de Noviembre.&nbsp;<\/strong>Para entonces, estar\u00e1n disponibles los formularios de Preinscripci\u00f3n Online (requisito para completar luego la inscripci\u00f3n).<\/p>\n\n\n\n<p>Oferta de carreras ciclo lectivo 2026:<\/p>\n\n\n\n<ul>\n<li>Profesorado de Educaci\u00f3n Primaria<\/li>\n\n\n\n<li>Profesorado de Educaci\u00f3n Secundaria en Historia<\/li>\n\n\n\n<li>Profesorado para Nivel Primario y Secundario en ingl\u00e9s<\/li>\n\n\n\n<li>Tecnicatura Superior en Enfermer\u00eda<\/li>\n\n\n\n<li>Tecnicatura Superior en Log\u00edstica<\/li>\n\n\n\n<li>Tecnicatura Superior en Psicopedagog\u00eda<\/li>\n\n\n\n<li>Tecnicatura Superior en Administraci\u00f3n de Recursos Humanos &nbsp;<\/li>\n\n\n\n<li>Certificaci\u00f3n superior: Especializaci\u00f3n de Enfermer\u00eda en Salud Mental<\/li>\n<\/ul>\n\n\n\n<p>Para la preinscripci\u00f3n a las carreras dirigirse al siguiente enlace: <a href=\"https:\/\/docs.google.com\/forms\/d\/e\/1FAIpQLSfWR7eztW2aeUGzLkPVgY0eftVM-eJLWSSyWWHl7Xad2RS-Qw\/viewform\" data-type=\"URL\" data-id=\"https:\/\/docs.google.com\/forms\/d\/e\/1FAIpQLSfWR7eztW2aeUGzLkPVgY0eftVM-eJLWSSyWWHl7Xad2RS-Qw\/viewform\">https:\/\/docs.google.com\/forms\/d\/e\/1FAIpQLSfWR7eztW2aeUGzLkPVgY0eftVM-eJLWSSyWWHl7Xad2RS-Qw\/viewform<\/a><\/p>\n","protected":false},"excerpt":{"rendered":"<p>La&nbsp;inscripci\u00f3n&nbsp;para el ciclo lectivo 2026 comienza desde el lunes 3 al viernes 28 de Noviembre.&nbsp;Para entonces, estar\u00e1n disponibles los formularios de Preinscripci\u00f3n Online (requisito para completar luego la inscripci\u00f3n). Oferta de carreras ciclo lectivo 2026: Para la preinscripci\u00f3n a las carreras dirigirse al siguiente enlace: https:\/\/docs.google.com\/forms\/d\/e\/1FAIpQLSfWR7eztW2aeUGzLkPVgY0eftVM-eJLWSSyWWHl7Xad2RS-Qw\/viewform<\/p>\n","protected":false},"author":43,"featured_media":0,"parent":0,"menu_order":0,"comment_status":"closed","ping_status":"closed","template":"","meta":[],"acf":[],"_links":{"self":[{"href":"https:\/\/isfdyt126-bue.infd.edu.ar\/sitio\/wp-json\/wp\/v2\/pages\/1247"}],"collection":[{"href":"https:\/\/isfdyt126-bue.infd.edu.ar\/sitio\/wp-json\/wp\/v2\/pages"}],"about":[{"href":"https:\/\/isfdyt126-bue.infd.edu.ar\/sitio\/wp-json\/wp\/v2\/types\/page"}],"author":[{"embeddable":true,"href":"https:\/\/isfdyt126-bue.infd.edu.ar\/sitio\/wp-json\/wp\/v2\/users\/43"}],"replies":[{"embeddable":true,"href":"https:\/\/isfdyt126-bue.infd.edu.ar\/sitio\/wp-json\/wp\/v2\/comments?post=1247"}],"version-history":[{"count":1,"href":"https:\/\/isfdyt126-bue.infd.edu.ar\/sitio\/wp-json\/wp\/v2\/pages\/1247\/revisions"}],"predecessor-version":[{"id":1250,"href":"https:\/\/isfdyt126-bue.infd.edu.ar\/sitio\/wp-json\/wp\/v2\/pages\/1247\/revisions\/1250"}],"wp:attachment":[{"href":"https:\/\/isfdyt126-bue.infd.edu.ar\/sitio\/wp-json\/wp\/v2\/media?parent=1247"}],"curies":[{"name":"wp","href":"https:\/\/api.w.org\/{rel}","templated":true}]}}