{"id":1241,"date":"2025-10-29T20:50:32","date_gmt":"2025-10-29T23:50:32","guid":{"rendered":"https:\/\/isfdyt126-bue.infd.edu.ar\/sitio\/?page_id=1241"},"modified":"2025-10-29T20:50:33","modified_gmt":"2025-10-29T23:50:33","slug":"autoridades-2","status":"publish","type":"page","link":"https:\/\/isfdyt126-bue.infd.edu.ar\/sitio\/autoridades-2\/","title":{"rendered":"Autoridades"},"content":{"rendered":"\n<p><strong>Equipo Directivo:<\/strong><\/p>\n\n\n\n<p>Directora: Siu Casas Dordoni<\/p>\n\n\n\n<p>Vicedirectora: Josefina Maggio<\/p>\n\n\n\n<p><strong>Equipo de Conducci\u00f3n: <\/strong><\/p>\n\n\n\n<p>Secretaria: Elena Mu\u00f1oz<\/p>\n\n\n\n<p>Jefe de Area: Daniel Eugenio Atencio<\/p>\n\n\n\n<p><strong>Preceptores:<\/strong><\/p>\n\n\n\n<p>Ana Maria T\u00e9vez<\/p>\n\n\n\n<p>Leonardo Fernando Parillo<\/p>\n\n\n\n<p>Susana Lucia Querze<\/p>\n\n\n\n<p>Mar\u00eda Wenceslada Chocr\u00f3n<\/p>\n","protected":false},"excerpt":{"rendered":"<p>Equipo Directivo: Directora: Siu Casas Dordoni Vicedirectora: Josefina Maggio Equipo de Conducci\u00f3n: Secretaria: Elena Mu\u00f1oz Jefe de Area: Daniel Eugenio Atencio Preceptores: Ana Maria T\u00e9vez Leonardo Fernando Parillo Susana Lucia Querze Mar\u00eda Wenceslada Chocr\u00f3n<\/p>\n","protected":false},"author":43,"featured_media":0,"parent":0,"menu_order":0,"comment_status":"closed","ping_status":"closed","template":"","meta":[],"acf":[],"_links":{"self":[{"href":"https:\/\/isfdyt126-bue.infd.edu.ar\/sitio\/wp-json\/wp\/v2\/pages\/1241"}],"collection":[{"href":"https:\/\/isfdyt126-bue.infd.edu.ar\/sitio\/wp-json\/wp\/v2\/pages"}],"about":[{"href":"https:\/\/isfdyt126-bue.infd.edu.ar\/sitio\/wp-json\/wp\/v2\/types\/page"}],"author":[{"embeddable":true,"href":"https:\/\/isfdyt126-bue.infd.edu.ar\/sitio\/wp-json\/wp\/v2\/users\/43"}],"replies":[{"embeddable":true,"href":"https:\/\/isfdyt126-bue.infd.edu.ar\/sitio\/wp-json\/wp\/v2\/comments?post=1241"}],"version-history":[{"count":1,"href":"https:\/\/isfdyt126-bue.infd.edu.ar\/sitio\/wp-json\/wp\/v2\/pages\/1241\/revisions"}],"predecessor-version":[{"id":1246,"href":"https:\/\/isfdyt126-bue.infd.edu.ar\/sitio\/wp-json\/wp\/v2\/pages\/1241\/revisions\/1246"}],"wp:attachment":[{"href":"https:\/\/isfdyt126-bue.infd.edu.ar\/sitio\/wp-json\/wp\/v2\/media?parent=1241"}],"curies":[{"name":"wp","href":"https:\/\/api.w.org\/{rel}","templated":true}]}}